{"id":26,"date":"2026-04-30T13:51:30","date_gmt":"2026-04-30T12:51:30","guid":{"rendered":"http:\/\/idcgfpp.usm.md\/?page_id=26"},"modified":"2026-04-30T13:51:30","modified_gmt":"2026-04-30T12:51:30","slug":"despre","status":"publish","type":"page","link":"https:\/\/idcgfpp.usm.md\/?page_id=26","title":{"rendered":"Despre"},"content":{"rendered":"<p style=\"text-align: justify;\"><span lang=\"RO\" xml:lang=\"RO\">Institutul de Genetic\u0103, Fiziologie \u0219i Protec\u021bie a Plantelor \u00een structura actual\u0103 a fost fondat la ini\u0163iativa Academiei de \u015etiin\u0163e a Moldovei la 1 octombrie 2013 prin contopirea Institutului de Genetic\u0103 \u0219i Fiziologie a Plantelor al A\u015eM \u0219i Institutului de Protec\u0163ie a Plantelor \u015fi Agricultur\u0103 Ecologic\u0103 al A\u015eM \u00een conformitate cu Hot\u0103r\u00e2rea Guvernului RM Nr. 270 din 18.04.2013.<\/span><br \/>\nInstitutele comasate de\u0163in o istorie de mai multe decenii fundamentat\u0103 pe realiz\u0103ri \u015ftiin\u0163ifice recunoscute \u00een \u0163ar\u0103 \u015fi peste hotare.<\/p>\n<p style=\"text-align: justify;\"><span lang=\"RO\" xml:lang=\"RO\">Institutul de Genetic\u0103 \u015fi Fiziologie a Plantelor al A\u015eM a fost fondat \u00een 2005 prin fuziunea Institutului de Genetic\u0103 al A\u015eM, Institutului de Fiziologie a Plantelor al A\u015eM, Filialei pentru Plante Aromatice \u015fi Medicinale a Institutului de Cercet\u0103ri \u015etiin\u0163ifice pentru Porumb \u015fi Sorg \u201ePorumbeni\u201d. Direc\u021biile de activitate au avut o dezvoltare profund\u0103 \u0219i de durat\u0103. Bazele teoretice ale cercet\u0103rilor \u00een genetica \u0219i ameliorarea plantelor au fost confirmare prin instituirea Institutului de Genetic\u0103 Ecologic\u0103 \u00een 1985, care ulterior \u00een 1991 a fost redenumit \u00een Institutul de Genetic\u0103 al A\u015eM. Cercet\u0103rile \u00een fiziologia \u0219i biochimia plantelor au fost consolidate \u00een cadrul Institutului de Fiziologie \u015fi Biochimie a Plantelor, fondat \u00een 1960, \u0219i redenumit \u00een 1991 \u00een Institutul de Fiziologie a Plantelor al A\u0218M.<\/span><\/p>\n<p style=\"text-align: justify;\"><span lang=\"RO\" xml:lang=\"RO\">Istoria Institutului de Protec\u0163ie a Plantelor \u015fi Agricultur\u0103 Ecologic\u0103 al A\u015eM \u00eencepe din anul 1969, c\u00e2nd a fost fondat Institutul Unional de Cercet\u0103ri \u015etiin\u0163ifice \u00een Domeniul Metodelor Biologice de Protec\u0163ie a Plantelor. Organizarea institutului a fost condi\u0163ionat\u0103 de necesitatea elabor\u0103rii metodelor alternative celor chimice de protec\u0163ie a plantelor \u015fi de stopare a chimiz\u0103rii abuzive \u00een agricultur\u0103. Pe parcursul celor peste patruzeci de ani institu\u0163ia a suferit c\u00e2teva restructur\u0103ri, trec\u00e2nd prin denumirile urm\u0103toare: Institutul Unional de Cercet\u0103ri \u015etiin\u0163ifice \u00een domeniul Metodelor Biologice de Protec\u0163ie a Plantelor (1969-1992), Institutul de Protec\u0163ie Biologic\u0103 a Plantelor al A\u015eM (1992-1999), Institutul de Cercet\u0103ri pentru Protec\u0163ia Plantelor al MAIA (1999-2005).<\/span><\/p>\n<p style=\"text-align: justify;\"><span lang=\"RO\" xml:lang=\"RO\">Din 2019, potrivit prevederilor Hot\u0103r\u00e2rii Guvernului Republicii Moldova nr. 50 din 16.01.2018 cu privire la activitatea unor organiza\u021bii de drept public din domeniile cercet\u0103rii \u015fi inov\u0103rii,\u00a0 calitatea de fondator al Institutul de Genetic\u0103, Fiziologie \u0219i Protec\u021bie a Plantelor a fost exercitat\u0103 de Ministerul Educa\u021biei \u0219i Cercet\u0103rii, denumirea institutului fiind modificat\u0103 \u00a0prin excluderea referin\u021bei la Academia de \u0218tiin\u021be a Moldovei. \u00a0<\/span><\/p>\n<p style=\"text-align: justify;\"><span lang=\"RO\" xml:lang=\"RO\">Conform Hot\u0103r\u00e2rii Guvernului Republicii Moldova nr. 485 din 13.07.2022 cu privire la reorganizarea prin fuziune (absorb\u021bie) a unor institu\u021bii din domeniile educa\u021biei, cercet\u0103rii \u0219i inov\u0103rii, Institutul de Genetic\u0103, Fiziologie \u0219i Protec\u021bie a Plantelor a \u00a0intrat \u00een subordinea Universit\u0103\u021bii de Stat din Moldova.\u00a0<\/span><\/p>\n","protected":false},"excerpt":{"rendered":"<p>Institutul de Genetic\u0103, Fiziologie \u0219i Protec\u021bie a Plantelor \u00een structura actual\u0103 a fost fondat la ini\u0163iativa Academiei de \u015etiin\u0163e a Moldovei la 1 octombrie 2013 prin contopirea Institutului de Genetic\u0103 \u0219i Fiziologie a Plantelor al A\u015eM \u0219i Institutului de Protec\u0163ie a Plantelor \u015fi Agricultur\u0103 Ecologic\u0103 al A\u015eM \u00een conformitate cu Hot\u0103r\u00e2rea Guvernului RM Nr. 270 [&hellip;]<\/p>\n","protected":false},"author":1,"featured_media":0,"parent":0,"menu_order":0,"comment_status":"closed","ping_status":"closed","template":"","meta":{"footnotes":""},"class_list":["post-26","page","type-page","status-publish","hentry"],"_links":{"self":[{"href":"https:\/\/idcgfpp.usm.md\/index.php?rest_route=\/wp\/v2\/pages\/26","targetHints":{"allow":["GET"]}}],"collection":[{"href":"https:\/\/idcgfpp.usm.md\/index.php?rest_route=\/wp\/v2\/pages"}],"about":[{"href":"https:\/\/idcgfpp.usm.md\/index.php?rest_route=\/wp\/v2\/types\/page"}],"author":[{"embeddable":true,"href":"https:\/\/idcgfpp.usm.md\/index.php?rest_route=\/wp\/v2\/users\/1"}],"replies":[{"embeddable":true,"href":"https:\/\/idcgfpp.usm.md\/index.php?rest_route=%2Fwp%2Fv2%2Fcomments&post=26"}],"version-history":[{"count":1,"href":"https:\/\/idcgfpp.usm.md\/index.php?rest_route=\/wp\/v2\/pages\/26\/revisions"}],"predecessor-version":[{"id":27,"href":"https:\/\/idcgfpp.usm.md\/index.php?rest_route=\/wp\/v2\/pages\/26\/revisions\/27"}],"wp:attachment":[{"href":"https:\/\/idcgfpp.usm.md\/index.php?rest_route=%2Fwp%2Fv2%2Fmedia&parent=26"}],"curies":[{"name":"wp","href":"https:\/\/api.w.org\/{rel}","templated":true}]}}